{"id":543,"date":"2022-04-22T22:19:55","date_gmt":"2022-04-22T22:19:55","guid":{"rendered":"https:\/\/www.halkapinar.bel.tr\/?page_id=543"},"modified":"2022-04-22T22:19:57","modified_gmt":"2022-04-22T22:19:57","slug":"yazi-isleri-mudurlugune-basvuran-aydinlatma-metni","status":"publish","type":"page","link":"https:\/\/www.halkapinar.bel.tr\/?page_id=543","title":{"rendered":"YAZI \u0130\u015eLER\u0130 M\u00dcD\u00dcRL\u00dc\u011e\u00dcNE BA\u015eVURAN AYDINLATMA METN\u0130"},"content":{"rendered":"\n<a href=\"kvkk-evraklar\/YAZI-ISLERI_MUDURLUGUNE-BASVURAN-AYDINLATMA-METNI.pdf\" class=\"pdfemb-viewer\" style=\"\" data-width=\"max\" data-height=\"max\"  data-toolbar=\"bottom\" data-toolbar-fixed=\"off\">YAZI-ISLERI_MUDURLUGUNE-BASVURAN-AYDINLATMA-METNI<br\/><\/a>\n","protected":false},"excerpt":{"rendered":"YAZI-ISLERI_MUDURLUGUNE-BASVURAN-AYDINLATMA-METNI","protected":false},"author":2,"featured_media":0,"parent":0,"menu_order":0,"comment_status":"closed","ping_status":"closed","template":"","meta":[],"_links":{"self":[{"href":"https:\/\/www.halkapinar.bel.tr\/index.php?rest_route=\/wp\/v2\/pages\/543"}],"collection":[{"href":"https:\/\/www.halkapinar.bel.tr\/index.php?rest_route=\/wp\/v2\/pages"}],"about":[{"href":"https:\/\/www.halkapinar.bel.tr\/index.php?rest_route=\/wp\/v2\/types\/page"}],"author":[{"embeddable":true,"href":"https:\/\/www.halkapinar.bel.tr\/index.php?rest_route=\/wp\/v2\/users\/2"}],"replies":[{"embeddable":true,"href":"https:\/\/www.halkapinar.bel.tr\/index.php?rest_route=%2Fwp%2Fv2%2Fcomments&post=543"}],"version-history":[{"count":1,"href":"https:\/\/www.halkapinar.bel.tr\/index.php?rest_route=\/wp\/v2\/pages\/543\/revisions"}],"predecessor-version":[{"id":544,"href":"https:\/\/www.halkapinar.bel.tr\/index.php?rest_route=\/wp\/v2\/pages\/543\/revisions\/544"}],"wp:attachment":[{"href":"https:\/\/www.halkapinar.bel.tr\/index.php?rest_route=%2Fwp%2Fv2%2Fmedia&parent=543"}],"curies":[{"name":"wp","href":"https:\/\/api.w.org\/{rel}","templated":true}]}}