{"id":541,"date":"2022-04-22T22:18:36","date_gmt":"2022-04-22T22:18:36","guid":{"rendered":"https:\/\/www.halkapinar.bel.tr\/?page_id=541"},"modified":"2022-04-22T22:18:37","modified_gmt":"2022-04-22T22:18:37","slug":"veri-ihlali-mudahale-politikasi","status":"publish","type":"page","link":"https:\/\/www.halkapinar.bel.tr\/?page_id=541","title":{"rendered":"VER\u0130 \u0130HLAL\u0130 M\u00dcDAHALE POL\u0130T\u0130KASI"},"content":{"rendered":"\n<a href=\"kvkk-evraklar\/Veri Ihlali Mudahale Politikasi.pdf\" class=\"pdfemb-viewer\" style=\"\" data-width=\"max\" data-height=\"max\"  data-toolbar=\"bottom\" data-toolbar-fixed=\"off\">Veri Ihlali Mudahale Politikasi<br\/><\/a>\n","protected":false},"excerpt":{"rendered":"Veri Ihlali Mudahale Politikasi","protected":false},"author":2,"featured_media":0,"parent":0,"menu_order":0,"comment_status":"closed","ping_status":"closed","template":"","meta":[],"_links":{"self":[{"href":"https:\/\/www.halkapinar.bel.tr\/index.php?rest_route=\/wp\/v2\/pages\/541"}],"collection":[{"href":"https:\/\/www.halkapinar.bel.tr\/index.php?rest_route=\/wp\/v2\/pages"}],"about":[{"href":"https:\/\/www.halkapinar.bel.tr\/index.php?rest_route=\/wp\/v2\/types\/page"}],"author":[{"embeddable":true,"href":"https:\/\/www.halkapinar.bel.tr\/index.php?rest_route=\/wp\/v2\/users\/2"}],"replies":[{"embeddable":true,"href":"https:\/\/www.halkapinar.bel.tr\/index.php?rest_route=%2Fwp%2Fv2%2Fcomments&post=541"}],"version-history":[{"count":1,"href":"https:\/\/www.halkapinar.bel.tr\/index.php?rest_route=\/wp\/v2\/pages\/541\/revisions"}],"predecessor-version":[{"id":542,"href":"https:\/\/www.halkapinar.bel.tr\/index.php?rest_route=\/wp\/v2\/pages\/541\/revisions\/542"}],"wp:attachment":[{"href":"https:\/\/www.halkapinar.bel.tr\/index.php?rest_route=%2Fwp%2Fv2%2Fmedia&parent=541"}],"curies":[{"name":"wp","href":"https:\/\/api.w.org\/{rel}","templated":true}]}}