{"id":537,"date":"2022-04-22T22:16:27","date_gmt":"2022-04-22T22:16:27","guid":{"rendered":"https:\/\/www.halkapinar.bel.tr\/?page_id=537"},"modified":"2022-04-22T22:17:25","modified_gmt":"2022-04-22T22:17:25","slug":"urun-veya-hizmet-alan-kisi-aydinlatma-metni","status":"publish","type":"page","link":"https:\/\/www.halkapinar.bel.tr\/?page_id=537","title":{"rendered":"\u00dcR\u00dcN VEYA H\u0130ZMET ALAN K\u0130\u015e\u0130 AYDINLATMA METN\u0130"},"content":{"rendered":"\n<a href=\"kvkk-evraklar\/URUN-VEYA-HIZMET-ALAN-KISI-AYDINLATMA-METNI.pdf\" class=\"pdfemb-viewer\" style=\"\" data-width=\"max\" data-height=\"max\"  data-toolbar=\"bottom\" data-toolbar-fixed=\"off\">URUN-VEYA-HIZMET-ALAN-KISI-AYDINLATMA-METNI<br\/><\/a>\n","protected":false},"excerpt":{"rendered":"URUN-VEYA-HIZMET-ALAN-KISI-AYDINLATMA-METNI","protected":false},"author":2,"featured_media":0,"parent":0,"menu_order":0,"comment_status":"closed","ping_status":"closed","template":"","meta":[],"_links":{"self":[{"href":"https:\/\/www.halkapinar.bel.tr\/index.php?rest_route=\/wp\/v2\/pages\/537"}],"collection":[{"href":"https:\/\/www.halkapinar.bel.tr\/index.php?rest_route=\/wp\/v2\/pages"}],"about":[{"href":"https:\/\/www.halkapinar.bel.tr\/index.php?rest_route=\/wp\/v2\/types\/page"}],"author":[{"embeddable":true,"href":"https:\/\/www.halkapinar.bel.tr\/index.php?rest_route=\/wp\/v2\/users\/2"}],"replies":[{"embeddable":true,"href":"https:\/\/www.halkapinar.bel.tr\/index.php?rest_route=%2Fwp%2Fv2%2Fcomments&post=537"}],"version-history":[{"count":3,"href":"https:\/\/www.halkapinar.bel.tr\/index.php?rest_route=\/wp\/v2\/pages\/537\/revisions"}],"predecessor-version":[{"id":540,"href":"https:\/\/www.halkapinar.bel.tr\/index.php?rest_route=\/wp\/v2\/pages\/537\/revisions\/540"}],"wp:attachment":[{"href":"https:\/\/www.halkapinar.bel.tr\/index.php?rest_route=%2Fwp%2Fv2%2Fmedia&parent=537"}],"curies":[{"name":"wp","href":"https:\/\/api.w.org\/{rel}","templated":true}]}}