{"id":519,"date":"2022-04-22T22:05:41","date_gmt":"2022-04-22T22:05:41","guid":{"rendered":"https:\/\/www.halkapinar.bel.tr\/?page_id=519"},"modified":"2022-04-22T22:07:04","modified_gmt":"2022-04-22T22:07:04","slug":"sokak-hayvanlari-ihbar-ve-sahiplenme-basvurusunda-bulunan-kimse-aydinlatma-metni","status":"publish","type":"page","link":"https:\/\/www.halkapinar.bel.tr\/?page_id=519","title":{"rendered":"SOKAK HAYVANLARI \u0130HBAR VE SAH\u0130PLENME BA\u015eVURUSUNDA BULUNAN K\u0130MSE AYDINLATMA METN\u0130"},"content":{"rendered":"<a href=\"kvkk-evraklar\/SOKAK-HAYVANI-IHBAR-VEYA-SAHIPLENME-BASVURUSUNDA-BULUNAN-KIMSE-AYDINLATMA-METNI.pdf\" class=\"pdfemb-viewer\" style=\"\" data-width=\"max\" data-height=\"max\"  data-toolbar=\"bottom\" data-toolbar-fixed=\"off\">SOKAK-HAYVANI-IHBAR-VEYA-SAHIPLENME-BASVURUSUNDA-BULUNAN-KIMSE-AYDINLATMA-METNI<br\/><\/a>\n","protected":false},"excerpt":{"rendered":"SOKAK-HAYVANI-IHBAR-VEYA-SAHIPLENME-BASVURUSUNDA-BULUNAN-KIMSE-AYDINLATMA-METNI","protected":false},"author":2,"featured_media":0,"parent":0,"menu_order":0,"comment_status":"closed","ping_status":"closed","template":"","meta":[],"_links":{"self":[{"href":"https:\/\/www.halkapinar.bel.tr\/index.php?rest_route=\/wp\/v2\/pages\/519"}],"collection":[{"href":"https:\/\/www.halkapinar.bel.tr\/index.php?rest_route=\/wp\/v2\/pages"}],"about":[{"href":"https:\/\/www.halkapinar.bel.tr\/index.php?rest_route=\/wp\/v2\/types\/page"}],"author":[{"embeddable":true,"href":"https:\/\/www.halkapinar.bel.tr\/index.php?rest_route=\/wp\/v2\/users\/2"}],"replies":[{"embeddable":true,"href":"https:\/\/www.halkapinar.bel.tr\/index.php?rest_route=%2Fwp%2Fv2%2Fcomments&post=519"}],"version-history":[{"count":3,"href":"https:\/\/www.halkapinar.bel.tr\/index.php?rest_route=\/wp\/v2\/pages\/519\/revisions"}],"predecessor-version":[{"id":523,"href":"https:\/\/www.halkapinar.bel.tr\/index.php?rest_route=\/wp\/v2\/pages\/519\/revisions\/523"}],"wp:attachment":[{"href":"https:\/\/www.halkapinar.bel.tr\/index.php?rest_route=%2Fwp%2Fv2%2Fmedia&parent=519"}],"curies":[{"name":"wp","href":"https:\/\/api.w.org\/{rel}","templated":true}]}}