{"id":516,"date":"2022-04-22T22:04:03","date_gmt":"2022-04-22T22:04:03","guid":{"rendered":"https:\/\/www.halkapinar.bel.tr\/?page_id=516"},"modified":"2022-04-22T22:04:03","modified_gmt":"2022-04-22T22:04:03","slug":"sikayet-ve-talepte-bulunan-kimse-aydinlatma-talebi","status":"publish","type":"page","link":"https:\/\/www.halkapinar.bel.tr\/?page_id=516","title":{"rendered":"\u015e\u0130KAYET VE TALEPTE BULUNAN K\u0130MSE AYDINLATMA TALEB\u0130"},"content":{"rendered":"<a href=\"kvkk-evraklar\/SIKAYET VE TALEPTE BULUNAN KIMSE AYDINLATMA METNI.pdf\" class=\"pdfemb-viewer\" style=\"\" data-width=\"max\" data-height=\"max\"  data-toolbar=\"bottom\" data-toolbar-fixed=\"off\">SIKAYET VE TALEPTE BULUNAN KIMSE AYDINLATMA METNI<br\/><\/a>\n","protected":false},"excerpt":{"rendered":"SIKAYET VE TALEPTE BULUNAN KIMSE AYDINLATMA METNI","protected":false},"author":2,"featured_media":0,"parent":0,"menu_order":0,"comment_status":"closed","ping_status":"closed","template":"","meta":[],"_links":{"self":[{"href":"https:\/\/www.halkapinar.bel.tr\/index.php?rest_route=\/wp\/v2\/pages\/516"}],"collection":[{"href":"https:\/\/www.halkapinar.bel.tr\/index.php?rest_route=\/wp\/v2\/pages"}],"about":[{"href":"https:\/\/www.halkapinar.bel.tr\/index.php?rest_route=\/wp\/v2\/types\/page"}],"author":[{"embeddable":true,"href":"https:\/\/www.halkapinar.bel.tr\/index.php?rest_route=\/wp\/v2\/users\/2"}],"replies":[{"embeddable":true,"href":"https:\/\/www.halkapinar.bel.tr\/index.php?rest_route=%2Fwp%2Fv2%2Fcomments&post=516"}],"version-history":[{"count":2,"href":"https:\/\/www.halkapinar.bel.tr\/index.php?rest_route=\/wp\/v2\/pages\/516\/revisions"}],"predecessor-version":[{"id":518,"href":"https:\/\/www.halkapinar.bel.tr\/index.php?rest_route=\/wp\/v2\/pages\/516\/revisions\/518"}],"wp:attachment":[{"href":"https:\/\/www.halkapinar.bel.tr\/index.php?rest_route=%2Fwp%2Fv2%2Fmedia&parent=516"}],"curies":[{"name":"wp","href":"https:\/\/api.w.org\/{rel}","templated":true}]}}