{"id":512,"date":"2022-04-22T22:01:42","date_gmt":"2022-04-22T22:01:42","guid":{"rendered":"https:\/\/www.halkapinar.bel.tr\/?page_id=512"},"modified":"2022-04-22T22:01:42","modified_gmt":"2022-04-22T22:01:42","slug":"ruhsat-basvurusunda-bulunan-kimse-aydinlatma-metni","status":"publish","type":"page","link":"https:\/\/www.halkapinar.bel.tr\/?page_id=512","title":{"rendered":"RUHSAT BA\u015eVURUSUNDA BULUNAN K\u0130MSE AYDINLATMA METN\u0130"},"content":{"rendered":"<a href=\"kvkk-evraklar\/RUHSAT-BASVURUSUNDA-BULUNAN-KIMSE-AYDINLATMA-METNI.pdf\" class=\"pdfemb-viewer\" style=\"\" data-width=\"max\" data-height=\"max\"  data-toolbar=\"bottom\" data-toolbar-fixed=\"off\">RUHSAT-BASVURUSUNDA-BULUNAN-KIMSE-AYDINLATMA-METNI<br\/><\/a>\n","protected":false},"excerpt":{"rendered":"RUHSAT-BASVURUSUNDA-BULUNAN-KIMSE-AYDINLATMA-METNI","protected":false},"author":2,"featured_media":0,"parent":0,"menu_order":0,"comment_status":"closed","ping_status":"closed","template":"","meta":[],"_links":{"self":[{"href":"https:\/\/www.halkapinar.bel.tr\/index.php?rest_route=\/wp\/v2\/pages\/512"}],"collection":[{"href":"https:\/\/www.halkapinar.bel.tr\/index.php?rest_route=\/wp\/v2\/pages"}],"about":[{"href":"https:\/\/www.halkapinar.bel.tr\/index.php?rest_route=\/wp\/v2\/types\/page"}],"author":[{"embeddable":true,"href":"https:\/\/www.halkapinar.bel.tr\/index.php?rest_route=\/wp\/v2\/users\/2"}],"replies":[{"embeddable":true,"href":"https:\/\/www.halkapinar.bel.tr\/index.php?rest_route=%2Fwp%2Fv2%2Fcomments&post=512"}],"version-history":[{"count":2,"href":"https:\/\/www.halkapinar.bel.tr\/index.php?rest_route=\/wp\/v2\/pages\/512\/revisions"}],"predecessor-version":[{"id":515,"href":"https:\/\/www.halkapinar.bel.tr\/index.php?rest_route=\/wp\/v2\/pages\/512\/revisions\/515"}],"wp:attachment":[{"href":"https:\/\/www.halkapinar.bel.tr\/index.php?rest_route=%2Fwp%2Fv2%2Fmedia&parent=512"}],"curies":[{"name":"wp","href":"https:\/\/api.w.org\/{rel}","templated":true}]}}