{"id":489,"date":"2022-04-22T21:46:55","date_gmt":"2022-04-22T21:46:55","guid":{"rendered":"https:\/\/www.halkapinar.bel.tr\/?page_id=489"},"modified":"2022-04-22T21:48:00","modified_gmt":"2022-04-22T21:48:00","slug":"kamulastirma-ilgili-kisi-aydinlatma-metni","status":"publish","type":"page","link":"https:\/\/www.halkapinar.bel.tr\/?page_id=489","title":{"rendered":"KAMULA\u015eTIRMA \u0130LG\u0130L\u0130 K\u0130\u015e\u0130 AYDINLATMA METN\u0130"},"content":{"rendered":"<a href=\"kvkk-evraklar\/KAMULASTIRMA-ILGILI-KISI-AYDINLATMA-METNI.pdf\" class=\"pdfemb-viewer\" style=\"\" data-width=\"max\" data-height=\"max\"  data-toolbar=\"bottom\" data-toolbar-fixed=\"off\">KAMULASTIRMA-ILGILI-KISI-AYDINLATMA-METNI<br\/><\/a>\n","protected":false},"excerpt":{"rendered":"KAMULASTIRMA-ILGILI-KISI-AYDINLATMA-METNI","protected":false},"author":2,"featured_media":0,"parent":0,"menu_order":0,"comment_status":"closed","ping_status":"closed","template":"","meta":[],"_links":{"self":[{"href":"https:\/\/www.halkapinar.bel.tr\/index.php?rest_route=\/wp\/v2\/pages\/489"}],"collection":[{"href":"https:\/\/www.halkapinar.bel.tr\/index.php?rest_route=\/wp\/v2\/pages"}],"about":[{"href":"https:\/\/www.halkapinar.bel.tr\/index.php?rest_route=\/wp\/v2\/types\/page"}],"author":[{"embeddable":true,"href":"https:\/\/www.halkapinar.bel.tr\/index.php?rest_route=\/wp\/v2\/users\/2"}],"replies":[{"embeddable":true,"href":"https:\/\/www.halkapinar.bel.tr\/index.php?rest_route=%2Fwp%2Fv2%2Fcomments&post=489"}],"version-history":[{"count":3,"href":"https:\/\/www.halkapinar.bel.tr\/index.php?rest_route=\/wp\/v2\/pages\/489\/revisions"}],"predecessor-version":[{"id":493,"href":"https:\/\/www.halkapinar.bel.tr\/index.php?rest_route=\/wp\/v2\/pages\/489\/revisions\/493"}],"wp:attachment":[{"href":"https:\/\/www.halkapinar.bel.tr\/index.php?rest_route=%2Fwp%2Fv2%2Fmedia&parent=489"}],"curies":[{"name":"wp","href":"https:\/\/api.w.org\/{rel}","templated":true}]}}