{"id":481,"date":"2022-04-22T21:42:20","date_gmt":"2022-04-22T21:42:20","guid":{"rendered":"https:\/\/www.halkapinar.bel.tr\/?page_id=481"},"modified":"2022-04-22T21:42:20","modified_gmt":"2022-04-22T21:42:20","slug":"iskan-talebinde-bulunan-kisi-aydinlatma-metni","status":"publish","type":"page","link":"https:\/\/www.halkapinar.bel.tr\/?page_id=481","title":{"rendered":"\u0130SKAN TALEB\u0130NDE BULUNAN K\u0130\u015e\u0130 AYDINLATMA METN\u0130"},"content":{"rendered":"<a href=\"kvkk-evraklar\/ISKAN-TALEBINDE-BULUNAN-KISI-AYDINLATMA-METNI.pdf\" class=\"pdfemb-viewer\" style=\"\" data-width=\"max\" data-height=\"max\"  data-toolbar=\"bottom\" data-toolbar-fixed=\"off\">ISKAN-TALEBINDE-BULUNAN-KISI-AYDINLATMA-METNI<br\/><\/a>\n","protected":false},"excerpt":{"rendered":"ISKAN-TALEBINDE-BULUNAN-KISI-AYDINLATMA-METNI","protected":false},"author":2,"featured_media":0,"parent":0,"menu_order":0,"comment_status":"closed","ping_status":"closed","template":"","meta":[],"_links":{"self":[{"href":"https:\/\/www.halkapinar.bel.tr\/index.php?rest_route=\/wp\/v2\/pages\/481"}],"collection":[{"href":"https:\/\/www.halkapinar.bel.tr\/index.php?rest_route=\/wp\/v2\/pages"}],"about":[{"href":"https:\/\/www.halkapinar.bel.tr\/index.php?rest_route=\/wp\/v2\/types\/page"}],"author":[{"embeddable":true,"href":"https:\/\/www.halkapinar.bel.tr\/index.php?rest_route=\/wp\/v2\/users\/2"}],"replies":[{"embeddable":true,"href":"https:\/\/www.halkapinar.bel.tr\/index.php?rest_route=%2Fwp%2Fv2%2Fcomments&post=481"}],"version-history":[{"count":2,"href":"https:\/\/www.halkapinar.bel.tr\/index.php?rest_route=\/wp\/v2\/pages\/481\/revisions"}],"predecessor-version":[{"id":483,"href":"https:\/\/www.halkapinar.bel.tr\/index.php?rest_route=\/wp\/v2\/pages\/481\/revisions\/483"}],"wp:attachment":[{"href":"https:\/\/www.halkapinar.bel.tr\/index.php?rest_route=%2Fwp%2Fv2%2Fmedia&parent=481"}],"curies":[{"name":"wp","href":"https:\/\/api.w.org\/{rel}","templated":true}]}}