{"id":476,"date":"2022-04-22T21:38:45","date_gmt":"2022-04-22T21:38:45","guid":{"rendered":"https:\/\/www.halkapinar.bel.tr\/?page_id=476"},"modified":"2022-04-22T21:40:00","modified_gmt":"2022-04-22T21:40:00","slug":"is-yeri-calisma-ruhsat-talebinde-bulunan-kisi-aydinlatma-metni","status":"publish","type":"page","link":"https:\/\/www.halkapinar.bel.tr\/?page_id=476","title":{"rendered":"\u0130\u015e YER\u0130 \u00c7ALI\u015eMA RUHSAT TALEB\u0130NDE BULUNAN K\u0130\u015e\u0130 AYDINLATMA METN\u0130"},"content":{"rendered":"<a href=\"kvkk-evraklar\/IS-YERI-CALISMA-RUHSAT-TALEBINDE-BULUNAN-KISI-AYDINLATMA-METNI.pdf\" class=\"pdfemb-viewer\" style=\"\" data-width=\"max\" data-height=\"max\"  data-toolbar=\"bottom\" data-toolbar-fixed=\"off\">IS-YERI-CALISMA-RUHSAT-TALEBINDE-BULUNAN-KISI-AYDINLATMA-METNI<br\/><\/a>\n","protected":false},"excerpt":{"rendered":"IS-YERI-CALISMA-RUHSAT-TALEBINDE-BULUNAN-KISI-AYDINLATMA-METNI","protected":false},"author":2,"featured_media":0,"parent":0,"menu_order":0,"comment_status":"closed","ping_status":"closed","template":"","meta":[],"_links":{"self":[{"href":"https:\/\/www.halkapinar.bel.tr\/index.php?rest_route=\/wp\/v2\/pages\/476"}],"collection":[{"href":"https:\/\/www.halkapinar.bel.tr\/index.php?rest_route=\/wp\/v2\/pages"}],"about":[{"href":"https:\/\/www.halkapinar.bel.tr\/index.php?rest_route=\/wp\/v2\/types\/page"}],"author":[{"embeddable":true,"href":"https:\/\/www.halkapinar.bel.tr\/index.php?rest_route=\/wp\/v2\/users\/2"}],"replies":[{"embeddable":true,"href":"https:\/\/www.halkapinar.bel.tr\/index.php?rest_route=%2Fwp%2Fv2%2Fcomments&post=476"}],"version-history":[{"count":3,"href":"https:\/\/www.halkapinar.bel.tr\/index.php?rest_route=\/wp\/v2\/pages\/476\/revisions"}],"predecessor-version":[{"id":480,"href":"https:\/\/www.halkapinar.bel.tr\/index.php?rest_route=\/wp\/v2\/pages\/476\/revisions\/480"}],"wp:attachment":[{"href":"https:\/\/www.halkapinar.bel.tr\/index.php?rest_route=%2Fwp%2Fv2%2Fmedia&parent=476"}],"curies":[{"name":"wp","href":"https:\/\/api.w.org\/{rel}","templated":true}]}}