{"id":471,"date":"2022-04-22T21:35:50","date_gmt":"2022-04-22T21:35:50","guid":{"rendered":"https:\/\/www.halkapinar.bel.tr\/?page_id=471"},"modified":"2022-04-22T21:36:23","modified_gmt":"2022-04-22T21:36:23","slug":"imar-ve-sehircilik-mudurlugune","status":"publish","type":"page","link":"https:\/\/www.halkapinar.bel.tr\/?page_id=471","title":{"rendered":"\u0130MAR VE \u015eEH\u0130RC\u0130L\u0130K M\u00dcD\u00dcRL\u00dc\u011e\u00dcNE BA\u015eVURAN K\u0130MSE AYDINLATMA METN\u0130"},"content":{"rendered":"<a href=\"kvkk-evraklar\/IMAR VE SEHIRCILIK MUDURLUGUNE.pdf\" class=\"pdfemb-viewer\" style=\"\" data-width=\"max\" data-height=\"max\"  data-toolbar=\"bottom\" data-toolbar-fixed=\"off\">IMAR VE SEHIRCILIK MUDURLUGUNE<br\/><\/a>\n","protected":false},"excerpt":{"rendered":"IMAR VE SEHIRCILIK MUDURLUGUNE","protected":false},"author":2,"featured_media":0,"parent":0,"menu_order":0,"comment_status":"closed","ping_status":"closed","template":"","meta":[],"_links":{"self":[{"href":"https:\/\/www.halkapinar.bel.tr\/index.php?rest_route=\/wp\/v2\/pages\/471"}],"collection":[{"href":"https:\/\/www.halkapinar.bel.tr\/index.php?rest_route=\/wp\/v2\/pages"}],"about":[{"href":"https:\/\/www.halkapinar.bel.tr\/index.php?rest_route=\/wp\/v2\/types\/page"}],"author":[{"embeddable":true,"href":"https:\/\/www.halkapinar.bel.tr\/index.php?rest_route=\/wp\/v2\/users\/2"}],"replies":[{"embeddable":true,"href":"https:\/\/www.halkapinar.bel.tr\/index.php?rest_route=%2Fwp%2Fv2%2Fcomments&post=471"}],"version-history":[{"count":3,"href":"https:\/\/www.halkapinar.bel.tr\/index.php?rest_route=\/wp\/v2\/pages\/471\/revisions"}],"predecessor-version":[{"id":475,"href":"https:\/\/www.halkapinar.bel.tr\/index.php?rest_route=\/wp\/v2\/pages\/471\/revisions\/475"}],"wp:attachment":[{"href":"https:\/\/www.halkapinar.bel.tr\/index.php?rest_route=%2Fwp%2Fv2%2Fmedia&parent=471"}],"curies":[{"name":"wp","href":"https:\/\/api.w.org\/{rel}","templated":true}]}}