{"id":464,"date":"2022-04-22T21:32:21","date_gmt":"2022-04-22T21:32:21","guid":{"rendered":"https:\/\/www.halkapinar.bel.tr\/?page_id=464"},"modified":"2022-04-22T21:32:21","modified_gmt":"2022-04-22T21:32:21","slug":"iletisim-formu-aydinlatma-metni","status":"publish","type":"page","link":"https:\/\/www.halkapinar.bel.tr\/?page_id=464","title":{"rendered":"\u0130LET\u0130\u015e\u0130M FORMU AYDINLATMA METN\u0130"},"content":{"rendered":"<a href=\"\/kvkk-evraklar\/Iletisim Formu Aydinlatma Metni.pdf\" class=\"pdfemb-viewer\" style=\"\" data-width=\"max\" data-height=\"max\"  data-toolbar=\"bottom\" data-toolbar-fixed=\"off\">Iletisim Formu Aydinlatma Metni<br\/><\/a>\n","protected":false},"excerpt":{"rendered":"Iletisim Formu Aydinlatma Metni","protected":false},"author":2,"featured_media":0,"parent":0,"menu_order":0,"comment_status":"closed","ping_status":"closed","template":"","meta":[],"_links":{"self":[{"href":"https:\/\/www.halkapinar.bel.tr\/index.php?rest_route=\/wp\/v2\/pages\/464"}],"collection":[{"href":"https:\/\/www.halkapinar.bel.tr\/index.php?rest_route=\/wp\/v2\/pages"}],"about":[{"href":"https:\/\/www.halkapinar.bel.tr\/index.php?rest_route=\/wp\/v2\/types\/page"}],"author":[{"embeddable":true,"href":"https:\/\/www.halkapinar.bel.tr\/index.php?rest_route=\/wp\/v2\/users\/2"}],"replies":[{"embeddable":true,"href":"https:\/\/www.halkapinar.bel.tr\/index.php?rest_route=%2Fwp%2Fv2%2Fcomments&post=464"}],"version-history":[{"count":2,"href":"https:\/\/www.halkapinar.bel.tr\/index.php?rest_route=\/wp\/v2\/pages\/464\/revisions"}],"predecessor-version":[{"id":466,"href":"https:\/\/www.halkapinar.bel.tr\/index.php?rest_route=\/wp\/v2\/pages\/464\/revisions\/466"}],"wp:attachment":[{"href":"https:\/\/www.halkapinar.bel.tr\/index.php?rest_route=%2Fwp%2Fv2%2Fmedia&parent=464"}],"curies":[{"name":"wp","href":"https:\/\/api.w.org\/{rel}","templated":true}]}}