{"id":458,"date":"2022-04-22T21:07:00","date_gmt":"2022-04-22T21:07:00","guid":{"rendered":"https:\/\/www.halkapinar.bel.tr\/?page_id=458"},"modified":"2022-04-22T21:07:00","modified_gmt":"2022-04-22T21:07:00","slug":"hakkinda-icra-takibi-baslatilan-kimse-aydinlatma-metni","status":"publish","type":"page","link":"https:\/\/www.halkapinar.bel.tr\/?page_id=458","title":{"rendered":"HAKKINDA \u0130CRA TAK\u0130B\u0130 BA\u015eLATILAN K\u0130MSE AYDINLATMA METN\u0130"},"content":{"rendered":"<a href=\"kvkk-evraklar\/HAKKINDA_ICRA_TAKIBI_BASLATILAN_KIMSE_AYDINLATMA_METNI.pdf\" class=\"pdfemb-viewer\" style=\"\" data-width=\"max\" data-height=\"max\"  data-toolbar=\"bottom\" data-toolbar-fixed=\"off\">HAKKINDA_ICRA_TAKIBI_BASLATILAN_KIMSE_AYDINLATMA_METNI<br\/><\/a>\n","protected":false},"excerpt":{"rendered":"HAKKINDA_ICRA_TAKIBI_BASLATILAN_KIMSE_AYDINLATMA_METNI","protected":false},"author":2,"featured_media":0,"parent":0,"menu_order":0,"comment_status":"closed","ping_status":"closed","template":"","meta":[],"_links":{"self":[{"href":"https:\/\/www.halkapinar.bel.tr\/index.php?rest_route=\/wp\/v2\/pages\/458"}],"collection":[{"href":"https:\/\/www.halkapinar.bel.tr\/index.php?rest_route=\/wp\/v2\/pages"}],"about":[{"href":"https:\/\/www.halkapinar.bel.tr\/index.php?rest_route=\/wp\/v2\/types\/page"}],"author":[{"embeddable":true,"href":"https:\/\/www.halkapinar.bel.tr\/index.php?rest_route=\/wp\/v2\/users\/2"}],"replies":[{"embeddable":true,"href":"https:\/\/www.halkapinar.bel.tr\/index.php?rest_route=%2Fwp%2Fv2%2Fcomments&post=458"}],"version-history":[{"count":2,"href":"https:\/\/www.halkapinar.bel.tr\/index.php?rest_route=\/wp\/v2\/pages\/458\/revisions"}],"predecessor-version":[{"id":460,"href":"https:\/\/www.halkapinar.bel.tr\/index.php?rest_route=\/wp\/v2\/pages\/458\/revisions\/460"}],"wp:attachment":[{"href":"https:\/\/www.halkapinar.bel.tr\/index.php?rest_route=%2Fwp%2Fv2%2Fmedia&parent=458"}],"curies":[{"name":"wp","href":"https:\/\/api.w.org\/{rel}","templated":true}]}}