{"id":439,"date":"2022-04-22T20:54:14","date_gmt":"2022-04-22T20:54:14","guid":{"rendered":"https:\/\/www.halkapinar.bel.tr\/?page_id=439"},"modified":"2022-04-22T20:54:14","modified_gmt":"2022-04-22T20:54:14","slug":"cerez-politikasi","status":"publish","type":"page","link":"https:\/\/www.halkapinar.bel.tr\/?page_id=439","title":{"rendered":"\u00c7EREZ POL\u0130T\u0130KASI"},"content":{"rendered":"<a href=\"kvkk-evraklar\/cerez_politikasi.pdf\" class=\"pdfemb-viewer\" style=\"\" data-width=\"max\" data-height=\"max\"  data-toolbar=\"bottom\" data-toolbar-fixed=\"off\">cerez_politikasi<br\/><\/a>\n","protected":false},"excerpt":{"rendered":"cerez_politikasi","protected":false},"author":2,"featured_media":0,"parent":0,"menu_order":0,"comment_status":"closed","ping_status":"closed","template":"","meta":[],"_links":{"self":[{"href":"https:\/\/www.halkapinar.bel.tr\/index.php?rest_route=\/wp\/v2\/pages\/439"}],"collection":[{"href":"https:\/\/www.halkapinar.bel.tr\/index.php?rest_route=\/wp\/v2\/pages"}],"about":[{"href":"https:\/\/www.halkapinar.bel.tr\/index.php?rest_route=\/wp\/v2\/types\/page"}],"author":[{"embeddable":true,"href":"https:\/\/www.halkapinar.bel.tr\/index.php?rest_route=\/wp\/v2\/users\/2"}],"replies":[{"embeddable":true,"href":"https:\/\/www.halkapinar.bel.tr\/index.php?rest_route=%2Fwp%2Fv2%2Fcomments&post=439"}],"version-history":[{"count":2,"href":"https:\/\/www.halkapinar.bel.tr\/index.php?rest_route=\/wp\/v2\/pages\/439\/revisions"}],"predecessor-version":[{"id":441,"href":"https:\/\/www.halkapinar.bel.tr\/index.php?rest_route=\/wp\/v2\/pages\/439\/revisions\/441"}],"wp:attachment":[{"href":"https:\/\/www.halkapinar.bel.tr\/index.php?rest_route=%2Fwp%2Fv2%2Fmedia&parent=439"}],"curies":[{"name":"wp","href":"https:\/\/api.w.org\/{rel}","templated":true}]}}