{"id":436,"date":"2022-04-22T20:52:40","date_gmt":"2022-04-22T20:52:40","guid":{"rendered":"https:\/\/www.halkapinar.bel.tr\/?page_id=436"},"modified":"2022-04-22T20:52:40","modified_gmt":"2022-04-22T20:52:40","slug":"calisan-aydinlatma-metni-2","status":"publish","type":"page","link":"https:\/\/www.halkapinar.bel.tr\/?page_id=436","title":{"rendered":"\u00c7ALI\u015eAN AYDINLATMA METN\u0130"},"content":{"rendered":"<a href=\"kvkk-evraklar\/Calisan_Aydinlatma_Metni.pdf\" class=\"pdfemb-viewer\" style=\"\" data-width=\"max\" data-height=\"max\"  data-toolbar=\"bottom\" data-toolbar-fixed=\"off\">Calisan_Aydinlatma_Metni<br\/><\/a>\n","protected":false},"excerpt":{"rendered":"Calisan_Aydinlatma_Metni","protected":false},"author":2,"featured_media":0,"parent":0,"menu_order":0,"comment_status":"closed","ping_status":"closed","template":"","meta":[],"_links":{"self":[{"href":"https:\/\/www.halkapinar.bel.tr\/index.php?rest_route=\/wp\/v2\/pages\/436"}],"collection":[{"href":"https:\/\/www.halkapinar.bel.tr\/index.php?rest_route=\/wp\/v2\/pages"}],"about":[{"href":"https:\/\/www.halkapinar.bel.tr\/index.php?rest_route=\/wp\/v2\/types\/page"}],"author":[{"embeddable":true,"href":"https:\/\/www.halkapinar.bel.tr\/index.php?rest_route=\/wp\/v2\/users\/2"}],"replies":[{"embeddable":true,"href":"https:\/\/www.halkapinar.bel.tr\/index.php?rest_route=%2Fwp%2Fv2%2Fcomments&post=436"}],"version-history":[{"count":2,"href":"https:\/\/www.halkapinar.bel.tr\/index.php?rest_route=\/wp\/v2\/pages\/436\/revisions"}],"predecessor-version":[{"id":438,"href":"https:\/\/www.halkapinar.bel.tr\/index.php?rest_route=\/wp\/v2\/pages\/436\/revisions\/438"}],"wp:attachment":[{"href":"https:\/\/www.halkapinar.bel.tr\/index.php?rest_route=%2Fwp%2Fv2%2Fmedia&parent=436"}],"curies":[{"name":"wp","href":"https:\/\/api.w.org\/{rel}","templated":true}]}}