{"id":433,"date":"2022-04-22T20:51:06","date_gmt":"2022-04-22T20:51:06","guid":{"rendered":"https:\/\/www.halkapinar.bel.tr\/?page_id=433"},"modified":"2022-04-22T20:51:06","modified_gmt":"2022-04-22T20:51:06","slug":"calisan-adayi-aydinlatma-metni-2","status":"publish","type":"page","link":"https:\/\/www.halkapinar.bel.tr\/?page_id=433","title":{"rendered":"\u00c7ALI\u015eAN ADAYI AYDINLATMA METN\u0130"},"content":{"rendered":"<a href=\"kvkk-evraklar\/Calisan_Aday\u0131_Aydinlatma_Metni.pdf\" class=\"pdfemb-viewer\" style=\"\" data-width=\"max\" data-height=\"max\"  data-toolbar=\"bottom\" data-toolbar-fixed=\"off\">Calisan_Aday\u0131_Aydinlatma_Metni<br\/><\/a>\n","protected":false},"excerpt":{"rendered":"Calisan_Aday\u0131_Aydinlatma_Metni","protected":false},"author":2,"featured_media":0,"parent":0,"menu_order":0,"comment_status":"closed","ping_status":"closed","template":"","meta":[],"_links":{"self":[{"href":"https:\/\/www.halkapinar.bel.tr\/index.php?rest_route=\/wp\/v2\/pages\/433"}],"collection":[{"href":"https:\/\/www.halkapinar.bel.tr\/index.php?rest_route=\/wp\/v2\/pages"}],"about":[{"href":"https:\/\/www.halkapinar.bel.tr\/index.php?rest_route=\/wp\/v2\/types\/page"}],"author":[{"embeddable":true,"href":"https:\/\/www.halkapinar.bel.tr\/index.php?rest_route=\/wp\/v2\/users\/2"}],"replies":[{"embeddable":true,"href":"https:\/\/www.halkapinar.bel.tr\/index.php?rest_route=%2Fwp%2Fv2%2Fcomments&post=433"}],"version-history":[{"count":2,"href":"https:\/\/www.halkapinar.bel.tr\/index.php?rest_route=\/wp\/v2\/pages\/433\/revisions"}],"predecessor-version":[{"id":435,"href":"https:\/\/www.halkapinar.bel.tr\/index.php?rest_route=\/wp\/v2\/pages\/433\/revisions\/435"}],"wp:attachment":[{"href":"https:\/\/www.halkapinar.bel.tr\/index.php?rest_route=%2Fwp%2Fv2%2Fmedia&parent=433"}],"curies":[{"name":"wp","href":"https:\/\/api.w.org\/{rel}","templated":true}]}}