{"id":425,"date":"2022-04-22T19:11:09","date_gmt":"2022-04-22T19:11:09","guid":{"rendered":"https:\/\/www.halkapinar.bel.tr\/?page_id=425"},"modified":"2022-04-22T19:11:32","modified_gmt":"2022-04-22T19:11:32","slug":"belediye-veri-ihlali-mudahale-politikasi","status":"publish","type":"page","link":"https:\/\/www.halkapinar.bel.tr\/?page_id=425","title":{"rendered":"BELED\u0130YE VER\u0130 \u0130HLAL\u0130 M\u00dcDAHALE POL\u0130T\u0130KASI"},"content":{"rendered":"<a href=\"kvkk-evraklar\/Belediye_Veri _ihlali_Mudahale_Politikasi.pdf\" class=\"pdfemb-viewer\" style=\"\" data-width=\"max\" data-height=\"max\"  data-toolbar=\"bottom\" data-toolbar-fixed=\"off\">Belediye_Veri _ihlali_Mudahale_Politikasi<br\/><\/a>\n","protected":false},"excerpt":{"rendered":"Belediye_Veri _ihlali_Mudahale_Politikasi","protected":false},"author":2,"featured_media":0,"parent":0,"menu_order":0,"comment_status":"closed","ping_status":"closed","template":"","meta":[],"_links":{"self":[{"href":"https:\/\/www.halkapinar.bel.tr\/index.php?rest_route=\/wp\/v2\/pages\/425"}],"collection":[{"href":"https:\/\/www.halkapinar.bel.tr\/index.php?rest_route=\/wp\/v2\/pages"}],"about":[{"href":"https:\/\/www.halkapinar.bel.tr\/index.php?rest_route=\/wp\/v2\/types\/page"}],"author":[{"embeddable":true,"href":"https:\/\/www.halkapinar.bel.tr\/index.php?rest_route=\/wp\/v2\/users\/2"}],"replies":[{"embeddable":true,"href":"https:\/\/www.halkapinar.bel.tr\/index.php?rest_route=%2Fwp%2Fv2%2Fcomments&post=425"}],"version-history":[{"count":2,"href":"https:\/\/www.halkapinar.bel.tr\/index.php?rest_route=\/wp\/v2\/pages\/425\/revisions"}],"predecessor-version":[{"id":427,"href":"https:\/\/www.halkapinar.bel.tr\/index.php?rest_route=\/wp\/v2\/pages\/425\/revisions\/427"}],"wp:attachment":[{"href":"https:\/\/www.halkapinar.bel.tr\/index.php?rest_route=%2Fwp%2Fv2%2Fmedia&parent=425"}],"curies":[{"name":"wp","href":"https:\/\/api.w.org\/{rel}","templated":true}]}}