{"id":412,"date":"2022-04-22T18:58:46","date_gmt":"2022-04-22T18:58:46","guid":{"rendered":"https:\/\/www.halkapinar.bel.tr\/?page_id=412"},"modified":"2022-04-22T18:58:46","modified_gmt":"2022-04-22T18:58:46","slug":"belediye-kisisel-veri-saklama-ve-imha-politikasi","status":"publish","type":"page","link":"https:\/\/www.halkapinar.bel.tr\/?page_id=412","title":{"rendered":"BELED\u0130YE K\u0130\u015e\u0130SEL VER\u0130 SAKLAMA VE \u0130MHA POL\u0130T\u0130KASI"},"content":{"rendered":"<a href=\"kvkk-evraklar\/Belediye_Kisisel_Veri_Saklama_ve _imha_Politikasi.pdf\" class=\"pdfemb-viewer\" style=\"\" data-width=\"max\" data-height=\"max\"  data-toolbar=\"bottom\" data-toolbar-fixed=\"off\">Belediye_Kisisel_Veri_Saklama_ve _imha_Politikasi<br\/><\/a>\n","protected":false},"excerpt":{"rendered":"Belediye_Kisisel_Veri_Saklama_ve _imha_Politikasi","protected":false},"author":2,"featured_media":0,"parent":0,"menu_order":0,"comment_status":"closed","ping_status":"closed","template":"","meta":[],"_links":{"self":[{"href":"https:\/\/www.halkapinar.bel.tr\/index.php?rest_route=\/wp\/v2\/pages\/412"}],"collection":[{"href":"https:\/\/www.halkapinar.bel.tr\/index.php?rest_route=\/wp\/v2\/pages"}],"about":[{"href":"https:\/\/www.halkapinar.bel.tr\/index.php?rest_route=\/wp\/v2\/types\/page"}],"author":[{"embeddable":true,"href":"https:\/\/www.halkapinar.bel.tr\/index.php?rest_route=\/wp\/v2\/users\/2"}],"replies":[{"embeddable":true,"href":"https:\/\/www.halkapinar.bel.tr\/index.php?rest_route=%2Fwp%2Fv2%2Fcomments&post=412"}],"version-history":[{"count":2,"href":"https:\/\/www.halkapinar.bel.tr\/index.php?rest_route=\/wp\/v2\/pages\/412\/revisions"}],"predecessor-version":[{"id":414,"href":"https:\/\/www.halkapinar.bel.tr\/index.php?rest_route=\/wp\/v2\/pages\/412\/revisions\/414"}],"wp:attachment":[{"href":"https:\/\/www.halkapinar.bel.tr\/index.php?rest_route=%2Fwp%2Fv2%2Fmedia&parent=412"}],"curies":[{"name":"wp","href":"https:\/\/api.w.org\/{rel}","templated":true}]}}