{"id":408,"date":"2022-04-22T18:55:12","date_gmt":"2022-04-22T18:55:12","guid":{"rendered":"https:\/\/www.halkapinar.bel.tr\/?page_id=408"},"modified":"2022-04-22T18:55:12","modified_gmt":"2022-04-22T18:55:12","slug":"belediye-bilgi-guvenligi-politikasi","status":"publish","type":"page","link":"https:\/\/www.halkapinar.bel.tr\/?page_id=408","title":{"rendered":"BELED\u0130YE B\u0130LG\u0130 G\u00dcVENL\u0130\u011e\u0130 POL\u0130T\u0130KASI"},"content":{"rendered":"<a href=\"kvkk-evraklar\/Belediye_Bilgi_Guvenligi_Politikasi.pdf\" class=\"pdfemb-viewer\" style=\"\" data-width=\"max\" data-height=\"max\"  data-toolbar=\"bottom\" data-toolbar-fixed=\"off\">Belediye_Bilgi_Guvenligi_Politikasi<br\/><\/a>\n","protected":false},"excerpt":{"rendered":"Belediye_Bilgi_Guvenligi_Politikasi","protected":false},"author":2,"featured_media":0,"parent":0,"menu_order":0,"comment_status":"closed","ping_status":"closed","template":"","meta":[],"_links":{"self":[{"href":"https:\/\/www.halkapinar.bel.tr\/index.php?rest_route=\/wp\/v2\/pages\/408"}],"collection":[{"href":"https:\/\/www.halkapinar.bel.tr\/index.php?rest_route=\/wp\/v2\/pages"}],"about":[{"href":"https:\/\/www.halkapinar.bel.tr\/index.php?rest_route=\/wp\/v2\/types\/page"}],"author":[{"embeddable":true,"href":"https:\/\/www.halkapinar.bel.tr\/index.php?rest_route=\/wp\/v2\/users\/2"}],"replies":[{"embeddable":true,"href":"https:\/\/www.halkapinar.bel.tr\/index.php?rest_route=%2Fwp%2Fv2%2Fcomments&post=408"}],"version-history":[{"count":2,"href":"https:\/\/www.halkapinar.bel.tr\/index.php?rest_route=\/wp\/v2\/pages\/408\/revisions"}],"predecessor-version":[{"id":410,"href":"https:\/\/www.halkapinar.bel.tr\/index.php?rest_route=\/wp\/v2\/pages\/408\/revisions\/410"}],"wp:attachment":[{"href":"https:\/\/www.halkapinar.bel.tr\/index.php?rest_route=%2Fwp%2Fv2%2Fmedia&parent=408"}],"curies":[{"name":"wp","href":"https:\/\/api.w.org\/{rel}","templated":true}]}}