{"id":399,"date":"2022-04-22T18:50:25","date_gmt":"2022-04-22T18:50:25","guid":{"rendered":"https:\/\/www.halkapinar.bel.tr\/?page_id=399"},"modified":"2022-04-22T18:51:08","modified_gmt":"2022-04-22T18:51:08","slug":"kisisel-veri-ihlali-disiplin-politikasi00","status":"publish","type":"page","link":"https:\/\/www.halkapinar.bel.tr\/?page_id=399","title":{"rendered":"K\u0130\u015e\u0130SEL VER\u0130 \u0130HLAL\u0130 D\u0130S\u0130PL\u0130N POL\u0130T\u0130KASI"},"content":{"rendered":"<a href=\"kvkk-evraklar\/Belediye-Kisise_Veri_ihlali_Disiplin_Politikasi.pdf\" class=\"pdfemb-viewer\" style=\"\" data-width=\"max\" data-height=\"max\"  data-toolbar=\"bottom\" data-toolbar-fixed=\"off\">Belediye-Kisise_Veri_ihlali_Disiplin_Politikasi<br\/><\/a>\n","protected":false},"excerpt":{"rendered":"Belediye-Kisise_Veri_ihlali_Disiplin_Politikasi","protected":false},"author":2,"featured_media":0,"parent":0,"menu_order":0,"comment_status":"closed","ping_status":"closed","template":"","meta":[],"_links":{"self":[{"href":"https:\/\/www.halkapinar.bel.tr\/index.php?rest_route=\/wp\/v2\/pages\/399"}],"collection":[{"href":"https:\/\/www.halkapinar.bel.tr\/index.php?rest_route=\/wp\/v2\/pages"}],"about":[{"href":"https:\/\/www.halkapinar.bel.tr\/index.php?rest_route=\/wp\/v2\/types\/page"}],"author":[{"embeddable":true,"href":"https:\/\/www.halkapinar.bel.tr\/index.php?rest_route=\/wp\/v2\/users\/2"}],"replies":[{"embeddable":true,"href":"https:\/\/www.halkapinar.bel.tr\/index.php?rest_route=%2Fwp%2Fv2%2Fcomments&post=399"}],"version-history":[{"count":4,"href":"https:\/\/www.halkapinar.bel.tr\/index.php?rest_route=\/wp\/v2\/pages\/399\/revisions"}],"predecessor-version":[{"id":514,"href":"https:\/\/www.halkapinar.bel.tr\/index.php?rest_route=\/wp\/v2\/pages\/399\/revisions\/514"}],"wp:attachment":[{"href":"https:\/\/www.halkapinar.bel.tr\/index.php?rest_route=%2Fwp%2Fv2%2Fmedia&parent=399"}],"curies":[{"name":"wp","href":"https:\/\/api.w.org\/{rel}","templated":true}]}}