{"id":387,"date":"2022-04-22T18:11:46","date_gmt":"2022-04-22T18:11:46","guid":{"rendered":"https:\/\/www.halkapinar.bel.tr\/?page_id=387"},"modified":"2022-04-22T18:25:24","modified_gmt":"2022-04-22T18:25:24","slug":"basin-yayin-halka-iliskiler-mudurlugune-basvuran-kimse-aydinlatma-metni","status":"publish","type":"page","link":"https:\/\/www.halkapinar.bel.tr\/?page_id=387","title":{"rendered":"BASIN YAYIN HALKA \u0130L\u0130\u015eK\u0130LER M\u00dcD\u00dcRL\u00dc\u011e\u00dcNE BA\u015eVURAN K\u0130MSE AYDINLATMA METN\u0130"},"content":{"rendered":"<a href=\"kvkk-evraklar\/basin_yayin_halka_ili\u015fkiler_mudurlugune_bassvuran_kimse_aydinlatma_metni.pdf\" class=\"pdfemb-viewer\" style=\"\" data-width=\"max\" data-height=\"max\"  data-toolbar=\"bottom\" data-toolbar-fixed=\"off\">basin_yayin_halka_ili\u015fkiler_mudurlugune_bassvuran_kimse_aydinlatma_metni<br\/><\/a>\n","protected":false},"excerpt":{"rendered":"basin_yayin_halka_ili\u015fkiler_mudurlugune_bassvuran_kimse_aydinlatma_metni","protected":false},"author":2,"featured_media":0,"parent":0,"menu_order":0,"comment_status":"closed","ping_status":"closed","template":"","meta":[],"_links":{"self":[{"href":"https:\/\/www.halkapinar.bel.tr\/index.php?rest_route=\/wp\/v2\/pages\/387"}],"collection":[{"href":"https:\/\/www.halkapinar.bel.tr\/index.php?rest_route=\/wp\/v2\/pages"}],"about":[{"href":"https:\/\/www.halkapinar.bel.tr\/index.php?rest_route=\/wp\/v2\/types\/page"}],"author":[{"embeddable":true,"href":"https:\/\/www.halkapinar.bel.tr\/index.php?rest_route=\/wp\/v2\/users\/2"}],"replies":[{"embeddable":true,"href":"https:\/\/www.halkapinar.bel.tr\/index.php?rest_route=%2Fwp%2Fv2%2Fcomments&post=387"}],"version-history":[{"count":7,"href":"https:\/\/www.halkapinar.bel.tr\/index.php?rest_route=\/wp\/v2\/pages\/387\/revisions"}],"predecessor-version":[{"id":398,"href":"https:\/\/www.halkapinar.bel.tr\/index.php?rest_route=\/wp\/v2\/pages\/387\/revisions\/398"}],"wp:attachment":[{"href":"https:\/\/www.halkapinar.bel.tr\/index.php?rest_route=%2Fwp%2Fv2%2Fmedia&parent=387"}],"curies":[{"name":"wp","href":"https:\/\/api.w.org\/{rel}","templated":true}]}}