{"id":157,"date":"2021-02-08T14:38:57","date_gmt":"2021-02-08T14:38:57","guid":{"rendered":"http:\/\/www.vizart.tech\/?page_id=157"},"modified":"2024-04-27T17:28:17","modified_gmt":"2024-04-27T17:28:17","slug":"eski-belediye-baskanlari","status":"publish","type":"page","link":"https:\/\/www.halkapinar.bel.tr\/?page_id=157","title":{"rendered":"ESK\u0130 BELED\u0130YE BA\u015eKANLARI"},"content":{"rendered":"","protected":false},"excerpt":{"rendered":"","protected":false},"author":2,"featured_media":0,"parent":0,"menu_order":0,"comment_status":"closed","ping_status":"closed","template":"","meta":[],"_links":{"self":[{"href":"https:\/\/www.halkapinar.bel.tr\/index.php?rest_route=\/wp\/v2\/pages\/157"}],"collection":[{"href":"https:\/\/www.halkapinar.bel.tr\/index.php?rest_route=\/wp\/v2\/pages"}],"about":[{"href":"https:\/\/www.halkapinar.bel.tr\/index.php?rest_route=\/wp\/v2\/types\/page"}],"author":[{"embeddable":true,"href":"https:\/\/www.halkapinar.bel.tr\/index.php?rest_route=\/wp\/v2\/users\/2"}],"replies":[{"embeddable":true,"href":"https:\/\/www.halkapinar.bel.tr\/index.php?rest_route=%2Fwp%2Fv2%2Fcomments&post=157"}],"version-history":[{"count":1,"href":"https:\/\/www.halkapinar.bel.tr\/index.php?rest_route=\/wp\/v2\/pages\/157\/revisions"}],"predecessor-version":[{"id":159,"href":"https:\/\/www.halkapinar.bel.tr\/index.php?rest_route=\/wp\/v2\/pages\/157\/revisions\/159"}],"wp:attachment":[{"href":"https:\/\/www.halkapinar.bel.tr\/index.php?rest_route=%2Fwp%2Fv2%2Fmedia&parent=157"}],"curies":[{"name":"wp","href":"https:\/\/api.w.org\/{rel}","templated":true}]}}